{"id":2405,"date":"2022-02-22T15:25:53","date_gmt":"2022-02-22T13:25:53","guid":{"rendered":"http:\/\/jobs.swissotel.ee\/?page_id=2405"},"modified":"2023-08-22T10:59:44","modified_gmt":"2023-08-22T08:59:44","slug":"kandideeri-ilma-cv-ta","status":"publish","type":"page","link":"https:\/\/jobs.swissotel.ee\/ru\/kandideeri-ilma-cv-ta\/","title":{"rendered":"Kandideeri &#8211; ilma CV-ta"},"content":{"rendered":"\t\t<div data-elementor-type=\"wp-page\" data-elementor-id=\"2405\" class=\"elementor elementor-2405\" data-elementor-post-type=\"page\">\n\t\t\t\t\t\t<section class=\"elementor-section elementor-top-section elementor-element elementor-element-780e0432 elementor-section-height-min-height elementor-section-boxed elementor-section-height-default elementor-section-items-middle\" data-id=\"780e0432\" data-element_type=\"section\" data-e-type=\"section\" data-settings=\"{&quot;background_background&quot;:&quot;classic&quot;,&quot;sticky&quot;:&quot;top&quot;,&quot;sticky_effects_offset&quot;:1,&quot;sticky_on&quot;:[&quot;desktop&quot;,&quot;tablet&quot;,&quot;mobile&quot;],&quot;sticky_offset&quot;:0}\">\n\t\t\t\t\t\t<div class=\"elementor-container elementor-column-gap-default\">\n\t\t\t\t\t<div class=\"elementor-column elementor-col-50 elementor-top-column elementor-element elementor-element-74f8e3be\" data-id=\"74f8e3be\" data-element_type=\"column\" data-e-type=\"column\" data-settings=\"{&quot;background_background&quot;:&quot;slideshow&quot;,&quot;background_slideshow_gallery&quot;:[],&quot;background_slideshow_loop&quot;:&quot;yes&quot;,&quot;background_slideshow_slide_duration&quot;:5000,&quot;background_slideshow_slide_transition&quot;:&quot;fade&quot;,&quot;background_slideshow_transition_duration&quot;:500}\">\n\t\t\t<div class=\"elementor-widget-wrap elementor-element-populated\">\n\t\t\t\t\t\t<div class=\"elementor-element elementor-element-69428b61 elementor-widget elementor-widget-image\" data-id=\"69428b61\" data-element_type=\"widget\" data-e-type=\"widget\" data-widget_type=\"image.default\">\n\t\t\t\t<div class=\"elementor-widget-container\">\n\t\t\t\t\t\t\t\t\t\t\t\t\t\t\t\t<a href=\"http:\/\/jobs.swissotel.ee\/\">\n\t\t\t\t\t\t\t<img decoding=\"async\" src=\"https:\/\/jobs.swissotel.ee\/wp-content\/uploads\/elementor\/thumbs\/Swissotel-logo-koduleht-pjiwqul2bc02ahcqxbwvhcneed2hbna0n7d98zp0v8.png\" title=\"Swissotel logo koduleht\" alt=\"Swissotel logo koduleht\" loading=\"lazy\" \/>\t\t\t\t\t\t\t\t<\/a>\n\t\t\t\t\t\t\t\t\t\t\t\t\t\t\t<\/div>\n\t\t\t\t<\/div>\n\t\t\t\t\t<\/div>\n\t\t<\/div>\n\t\t\t\t<div class=\"elementor-column elementor-col-50 elementor-top-column elementor-element elementor-element-7a723011\" data-id=\"7a723011\" data-element_type=\"column\" data-e-type=\"column\">\n\t\t\t<div class=\"elementor-widget-wrap elementor-element-populated\">\n\t\t\t\t\t\t<div class=\"elementor-element elementor-element-78318c3d elementor-nav-menu__align-center elementor-nav-menu--dropdown-mobile elementor-nav-menu__text-align-center elementor-nav-menu--toggle elementor-nav-menu--burger elementor-widget elementor-widget-nav-menu\" data-id=\"78318c3d\" data-element_type=\"widget\" data-e-type=\"widget\" data-settings=\"{&quot;submenu_icon&quot;:{&quot;value&quot;:&quot;&lt;i class=\\&quot;\\&quot;&gt;&lt;\\\/i&gt;&quot;,&quot;library&quot;:&quot;&quot;},&quot;layout&quot;:&quot;horizontal&quot;,&quot;toggle&quot;:&quot;burger&quot;}\" data-widget_type=\"nav-menu.default\">\n\t\t\t\t<div class=\"elementor-widget-container\">\n\t\t\t\t\t\t\t\t<nav aria-label=\"\u041c\u0435\u043d\u044e\" class=\"elementor-nav-menu--main elementor-nav-menu__container elementor-nav-menu--layout-horizontal e--pointer-none\">\n\t\t\t\t<ul id=\"menu-1-78318c3d\" class=\"elementor-nav-menu\"><li class=\"hwm_top-nav-item menu-item menu-item-type-post_type menu-item-object-page menu-item-1319\"><a href=\"https:\/\/jobs.swissotel.ee\/ru\/toopakkumised\/\" class=\"elementor-item\">T\u00d6\u00d6PAKKUMISED<\/a><\/li>\n<li class=\"hwm_top-nav-item menu-item menu-item-type-post_type menu-item-object-page menu-item-1712\"><a href=\"https:\/\/jobs.swissotel.ee\/ru\/elu-swissotelis\/\" class=\"elementor-item\">ELU SWISSOTELIS<\/a><\/li>\n<\/ul>\t\t\t<\/nav>\n\t\t\t\t\t<div class=\"elementor-menu-toggle\" role=\"button\" tabindex=\"0\" aria-label=\"\u041f\u0435\u0440\u0435\u043a\u043b\u044e\u0447\u0430\u0442\u0435\u043b\u044c \u043c\u0435\u043d\u044e\" aria-expanded=\"false\">\n\t\t\t<i aria-hidden=\"true\" role=\"presentation\" class=\"elementor-menu-toggle__icon--open eicon-menu-bar\"><\/i><i aria-hidden=\"true\" role=\"presentation\" class=\"elementor-menu-toggle__icon--close eicon-close\"><\/i>\t\t\t<span class=\"elementor-screen-only\">\u041c\u0435\u043d\u044e<\/span>\n\t\t<\/div>\n\t\t\t\t\t<nav class=\"elementor-nav-menu--dropdown elementor-nav-menu__container\" aria-hidden=\"true\">\n\t\t\t\t<ul id=\"menu-2-78318c3d\" class=\"elementor-nav-menu\"><li class=\"hwm_top-nav-item menu-item menu-item-type-post_type menu-item-object-page menu-item-1319\"><a href=\"https:\/\/jobs.swissotel.ee\/ru\/toopakkumised\/\" class=\"elementor-item\" tabindex=\"-1\">T\u00d6\u00d6PAKKUMISED<\/a><\/li>\n<li class=\"hwm_top-nav-item menu-item menu-item-type-post_type menu-item-object-page menu-item-1712\"><a href=\"https:\/\/jobs.swissotel.ee\/ru\/elu-swissotelis\/\" class=\"elementor-item\" tabindex=\"-1\">ELU SWISSOTELIS<\/a><\/li>\n<\/ul>\t\t\t<\/nav>\n\t\t\t\t\t\t<\/div>\n\t\t\t\t<\/div>\n\t\t\t\t\t<\/div>\n\t\t<\/div>\n\t\t\t\t\t<\/div>\n\t\t<\/section>\n\t\t\t\t<section class=\"elementor-section elementor-top-section elementor-element elementor-element-754d1fa elementor-section-boxed elementor-section-height-default elementor-section-height-default\" data-id=\"754d1fa\" data-element_type=\"section\" data-e-type=\"section\">\n\t\t\t\t\t\t<div class=\"elementor-container elementor-column-gap-default\">\n\t\t\t\t\t<div class=\"elementor-column elementor-col-100 elementor-top-column elementor-element elementor-element-6fb9c0e\" data-id=\"6fb9c0e\" data-element_type=\"column\" data-e-type=\"column\">\n\t\t\t<div class=\"elementor-widget-wrap elementor-element-populated\">\n\t\t\t\t\t\t<div class=\"elementor-element elementor-element-56e7bb1 elementor-widget elementor-widget-text-editor\" data-id=\"56e7bb1\" data-element_type=\"widget\" data-e-type=\"widget\" data-widget_type=\"text-editor.default\">\n\t\t\t\t<div class=\"elementor-widget-container\">\n\t\t\t\t\t\t\t\t\t<p id=\"tw-target-text\" class=\"tw-data-text tw-text-large tw-ta\" dir=\"ltr\" data-placeholder=\"Translation\"><span class=\"Y2IQFc\" lang=\"et\">Lae siia olemasolul oma CV, kaaskiri ja\/v\u00f5i motivatsioonikiri v\u00f5i muu vajalik dokument. (Toetatud on .rtf, .doc, .docx, .txt, .pdf failid maksimaalse failisuurusega 2 MB)<\/span><\/p>\t\t\t\t\t\t\t\t<\/div>\n\t\t\t\t<\/div>\n\t\t\t\t<div class=\"elementor-element elementor-element-987c976 elementor-button-align-stretch elementor-widget elementor-widget-form\" data-id=\"987c976\" data-element_type=\"widget\" data-e-type=\"widget\" data-settings=\"{&quot;step_next_label&quot;:&quot;Next&quot;,&quot;step_previous_label&quot;:&quot;Previous&quot;,&quot;button_width&quot;:&quot;100&quot;,&quot;step_type&quot;:&quot;number_text&quot;,&quot;step_icon_shape&quot;:&quot;circle&quot;}\" data-widget_type=\"form.default\">\n\t\t\t\t<div class=\"elementor-widget-container\">\n\t\t\t\t\t\t\t<form class=\"elementor-form\" method=\"post\" name=\"Kandideeri Swissoteli\">\n\t\t\t<input type=\"hidden\" name=\"post_id\" value=\"2405\"\/>\n\t\t\t<input type=\"hidden\" name=\"form_id\" value=\"987c976\"\/>\n\t\t\t<input type=\"hidden\" name=\"referer_title\" value=\"Kandideeri &#8211; ilma CV-ta\" \/>\n\n\t\t\t\t\t\t\t<input type=\"hidden\" name=\"queried_id\" value=\"2405\"\/>\n\t\t\t\n\t\t\t<div class=\"elementor-form-fields-wrapper elementor-labels-above\">\n\t\t\t\t\t\t\t\t<div class=\"elementor-field-type-upload elementor-field-group elementor-column elementor-field-group-field_f528514 elementor-col-100\">\n\t\t\t\t\t\t\t\t\t\t\t\t<label for=\"form-field-field_f528514\" class=\"elementor-field-label\">\n\t\t\t\t\t\t\t\tCV\/Motivatsioonikiri (ei ole kohustuslik)\t\t\t\t\t\t\t<\/label>\n\t\t\t\t\t\t\t\t<input type=\"file\" name=\"form_fields[field_f528514][]\" id=\"form-field-field_f528514\" class=\"elementor-field elementor-size-md  elementor-upload-field\" multiple=\"multiple\" data-maxsize=\"2\" data-maxsize-message=\"See fail \u00fcletab maksimaalse lubatud suuruse.\">\n\n\t\t\t\t\t\t<\/div>\n\t\t\t\t\t\t\t\t<div class=\"elementor-field-type-text elementor-field-group elementor-column elementor-field-group-field_5a77cec elementor-col-100 elementor-field-required elementor-mark-required\">\n\t\t\t\t\t\t\t\t\t\t\t\t<label for=\"form-field-field_5a77cec\" class=\"elementor-field-label\">\n\t\t\t\t\t\t\t\tMillisele positsioonile soovid kandideerida?\t\t\t\t\t\t\t<\/label>\n\t\t\t\t\t\t\t\t\t\t\t\t\t\t<input size=\"1\" type=\"text\" name=\"form_fields[field_5a77cec]\" id=\"form-field-field_5a77cec\" class=\"elementor-field elementor-size-md  elementor-field-textual\" required=\"required\" aria-required=\"true\">\n\t\t\t\t\t\t\t\t\t\t\t<\/div>\n\t\t\t\t\t\t\t\t<div class=\"elementor-field-type-text elementor-field-group elementor-column elementor-field-group-name elementor-col-100 elementor-field-required elementor-mark-required\">\n\t\t\t\t\t\t\t\t\t\t\t\t<label for=\"form-field-name\" class=\"elementor-field-label\">\n\t\t\t\t\t\t\t\tEesnimi\t\t\t\t\t\t\t<\/label>\n\t\t\t\t\t\t\t\t\t\t\t\t\t\t<input size=\"1\" type=\"text\" name=\"form_fields[name]\" id=\"form-field-name\" class=\"elementor-field elementor-size-md  elementor-field-textual\" required=\"required\" aria-required=\"true\">\n\t\t\t\t\t\t\t\t\t\t\t<\/div>\n\t\t\t\t\t\t\t\t<div class=\"elementor-field-type-text elementor-field-group elementor-column elementor-field-group-email elementor-col-100 elementor-field-required elementor-mark-required\">\n\t\t\t\t\t\t\t\t\t\t\t\t<label for=\"form-field-email\" class=\"elementor-field-label\">\n\t\t\t\t\t\t\t\tPerekonnanimi\t\t\t\t\t\t\t<\/label>\n\t\t\t\t\t\t\t\t\t\t\t\t\t\t<input size=\"1\" type=\"text\" name=\"form_fields[email]\" id=\"form-field-email\" class=\"elementor-field elementor-size-md  elementor-field-textual\" required=\"required\" aria-required=\"true\">\n\t\t\t\t\t\t\t\t\t\t\t<\/div>\n\t\t\t\t\t\t\t\t<div class=\"elementor-field-type-email elementor-field-group elementor-column elementor-field-group-message elementor-col-100\">\n\t\t\t\t\t\t\t\t\t\t\t\t<label for=\"form-field-message\" class=\"elementor-field-label\">\n\t\t\t\t\t\t\t\tEmail (ei ole kohustuslik)\t\t\t\t\t\t\t<\/label>\n\t\t\t\t\t\t\t\t\t\t\t\t\t\t<input size=\"1\" type=\"email\" name=\"form_fields[message]\" id=\"form-field-message\" class=\"elementor-field elementor-size-md  elementor-field-textual\">\n\t\t\t\t\t\t\t\t\t\t\t<\/div>\n\t\t\t\t\t\t\t\t<div class=\"elementor-field-type-text elementor-field-group elementor-column elementor-field-group-field_d8252d9 elementor-col-100 elementor-field-required elementor-mark-required\">\n\t\t\t\t\t\t\t\t\t\t\t\t<label for=\"form-field-field_d8252d9\" class=\"elementor-field-label\">\n\t\t\t\t\t\t\t\tTelefoni number\t\t\t\t\t\t\t<\/label>\n\t\t\t\t\t\t\t\t\t\t\t\t\t\t<input size=\"1\" type=\"text\" name=\"form_fields[field_d8252d9]\" id=\"form-field-field_d8252d9\" class=\"elementor-field elementor-size-md  elementor-field-textual\" required=\"required\" aria-required=\"true\">\n\t\t\t\t\t\t\t\t\t\t\t<\/div>\n\t\t\t\t\t\t\t\t<div class=\"elementor-field-type-acceptance elementor-field-group elementor-column elementor-field-group-field_1cdad49 elementor-col-100 elementor-field-required elementor-mark-required\">\n\t\t\t\t\t\t\t\t\t\t\t\t<label for=\"form-field-field_1cdad49\" class=\"elementor-field-label\">\n\t\t\t\t\t\t\t\tN\u00f5ustun, et Swissotel Tallinn kogub ja s\u00e4ilitab minu esitatud andmeid.\t\t\t\t\t\t\t<\/label>\n\t\t\t\t\t\t\t\t<div class=\"elementor-field-subgroup\">\n\t\t\t<span class=\"elementor-field-option\">\n\t\t\t\t<input type=\"checkbox\" name=\"form_fields[field_1cdad49]\" id=\"form-field-field_1cdad49\" class=\"elementor-field elementor-size-md  elementor-acceptance-field\" required=\"required\" aria-required=\"true\">\n\t\t\t\t<label for=\"form-field-field_1cdad49\">Suhtume teie esitatud teabesse lugupidavalt. Meie privaatsus kohta lisateabe n\u00f5uab meie tingimuste pakkumisei. Selle vormi esitamisega n\u00f5ustute, et v\u00f5ime teie teenuse nende tingimuste kohaselt. <\/label>\t\t\t<\/span>\n\t\t<\/div>\n\t\t\t\t\t\t<\/div>\n\t\t\t\t\t\t\t\t<div class=\"elementor-field-group elementor-column elementor-field-type-submit elementor-col-100 e-form__buttons\">\n\t\t\t\t\t<button class=\"elementor-button elementor-size-md\" type=\"submit\">\n\t\t\t\t\t\t<span class=\"elementor-button-content-wrapper\">\n\t\t\t\t\t\t\t\t\t\t\t\t\t\t\t\t\t\t\t\t\t\t<span class=\"elementor-button-text\">Esita avaldus<\/span>\n\t\t\t\t\t\t\t\t\t\t\t\t\t<\/span>\n\t\t\t\t\t<\/button>\n\t\t\t\t<\/div>\n\t\t\t<\/div>\n\t\t<\/form>\n\t\t\t\t\t\t<\/div>\n\t\t\t\t<\/div>\n\t\t\t\t\t<\/div>\n\t\t<\/div>\n\t\t\t\t\t<\/div>\n\t\t<\/section>\n\t\t\t\t<\/div>\n\t\t","protected":false},"excerpt":{"rendered":"<p>\u041f\u0440\u0438 \u043d\u0430\u043b\u0438\u0447\u0438\u0438 \u0437\u0430\u0433\u0440\u0443\u0437\u0438\u0442\u0435 \u0437\u0434\u0435\u0441\u044c \u0441\u0432\u043e\u0435 \u0440\u0435\u0437\u044e\u043c\u0435, \u0441\u043e\u043f\u0440\u043e\u0432\u043e\u0434\u0438\u0442\u0435\u043b\u044c\u043d\u043e\u0435 \u043f\u0438\u0441\u044c\u043c\u043e \u0438\/\u0438\u043b\u0438 \u0441\u043e\u043f\u0440\u043e\u0432\u043e\u0434\u0438\u0442\u0435\u043b\u044c\u043d\u043e\u0435 \u043f\u0438\u0441\u044c\u043c\u043e \u0438\u043b\u0438 \u0434\u0440\u0443\u0433\u043e\u0439 \u043d\u0435\u043e\u0431\u0445\u043e\u0434\u0438\u043c\u044b\u0439 \u0434\u043e\u043a\u0443\u043c\u0435\u043d\u0442. (\u041f\u043e\u0434\u0434\u0435\u0440\u0436\u0438\u0432\u0430\u044e\u0442\u0441\u044f \u0444\u0430\u0439\u043b\u044b .Rtf, .doc, .docx, .txt, .pdf \u0441 \u043c\u0430\u043a\u0441\u0438\u043c\u0430\u043b\u044c\u043d\u044b\u043c \u0440\u0430\u0437\u043c\u0435\u0440\u043e\u043c \u0444\u0430\u0439\u043b\u0430 2 \u041c\u0411)<\/p>","protected":false},"author":4,"featured_media":0,"parent":0,"menu_order":0,"comment_status":"closed","ping_status":"closed","template":"","meta":{"footnotes":""},"class_list":["post-2405","page","type-page","status-publish","hentry"],"_links":{"self":[{"href":"https:\/\/jobs.swissotel.ee\/ru\/wp-json\/wp\/v2\/pages\/2405","targetHints":{"allow":["GET"]}}],"collection":[{"href":"https:\/\/jobs.swissotel.ee\/ru\/wp-json\/wp\/v2\/pages"}],"about":[{"href":"https:\/\/jobs.swissotel.ee\/ru\/wp-json\/wp\/v2\/types\/page"}],"author":[{"embeddable":true,"href":"https:\/\/jobs.swissotel.ee\/ru\/wp-json\/wp\/v2\/users\/4"}],"replies":[{"embeddable":true,"href":"https:\/\/jobs.swissotel.ee\/ru\/wp-json\/wp\/v2\/comments?post=2405"}],"version-history":[{"count":19,"href":"https:\/\/jobs.swissotel.ee\/ru\/wp-json\/wp\/v2\/pages\/2405\/revisions"}],"predecessor-version":[{"id":4990,"href":"https:\/\/jobs.swissotel.ee\/ru\/wp-json\/wp\/v2\/pages\/2405\/revisions\/4990"}],"wp:attachment":[{"href":"https:\/\/jobs.swissotel.ee\/ru\/wp-json\/wp\/v2\/media?parent=2405"}],"curies":[{"name":"wp","href":"https:\/\/api.w.org\/{rel}","templated":true}]}}